{"id":16,"date":"2022-11-07T11:40:06","date_gmt":"2022-11-07T11:40:06","guid":{"rendered":"https:\/\/comfylock.com\/de\/?page_id=16"},"modified":"2022-11-09T12:41:40","modified_gmt":"2022-11-09T12:41:40","slug":"funktionen","status":"publish","type":"page","link":"https:\/\/comfylock.com\/de\/funktionen\/","title":{"rendered":"Funktionen"},"content":{"rendered":"<div class=\"contener-row row-header primal overflow-hidden\">\n<div class=\"container-fluid container-row2 col-xxl-8\">\n<div class=\"row row-hero-text flex-lg-nowrap align-items-center g-4\">\n<div class=\"order-lg-1 w-100\"><\/div>\n<div class=\"col-lg-6 col-xl-6\">\n<div class=\"wrap-contener contener-hero hero-function\">\n<h6 class=\"hero-badge\">Immobilizer automatycznej skrzyni bieg\u00f3w<\/h6>\n<h1 class=\"hero-title\">Zus\u00e4tzliche Funktionen und Sicherheit<\/h1>\n<p class=\"hero-lead\">Mit ComfyLock erhalten Sie Sicherheit und n\u00fctzliche M\u00f6glichkeiten.<\/p>\n<\/div>\n<\/div>\n<\/div>\n<\/div>\n<\/div>\n<div class=\"contener-row row-emergency\">\n<div class=\"container\">\n<div class=\"row\">\n<div class=\"col-lg-6 col-md-12 col-sm-12 wrap-img rounded\"><div class=\"align wp-block-svp-video-player\" id='svpVideoPlayer-1' data-attributes='{&quot;align&quot;:&quot;&quot;,&quot;options&quot;:{&quot;controls&quot;:{&quot;play-large&quot;:true,&quot;restart&quot;:true,&quot;rewind&quot;:true,&quot;play&quot;:true,&quot;fast-forward&quot;:true,&quot;progress&quot;:true,&quot;current-time&quot;:true,&quot;mute&quot;:true,&quot;volume&quot;:true,&quot;captions&quot;:true,&quot;settings&quot;:true,&quot;pip&quot;:true,&quot;download&quot;:true,&quot;fullscreen&quot;:true},&quot;autoPlay&quot;:false,&quot;clickToPlay&quot;:true,&quot;muted&quot;:false,&quot;volume&quot;:0.5,&quot;seekTime&quot;:10,&quot;repeat&quot;:false,&quot;isAutoNextVideo&quot;:false,&quot;toolTip&quot;:true,&quot;isControl&quot;:true,&quot;shadowControl&quot;:true},&quot;videos&quot;:[{&quot;src&quot;:&quot;https:\\\/\\\/comfylock.com\\\/pl\\\/wp-content\\\/uploads\\\/sites\\\/2\\\/2022\\\/11\\\/emergency_open_720.mp4&quot;,&quot;title&quot;:&quot;type your video title here&quot;,&quot;poster&quot;:&quot;https:\\\/\\\/comfylock.com\\\/pl\\\/wp-content\\\/uploads\\\/sites\\\/2\\\/2022\\\/08\\\/ComfyLock-Video-Poster-Home-1200x720-1.jpg&quot;,&quot;description&quot;:&quot;Don\\u2019t forget to like, comment, and subscribe for more fun episodes!&quot;,&quot;customDownloadButton&quot;:false,&quot;isCustomTitle&quot;:false,&quot;customDownloadUrl&quot;:&quot;&quot;,&quot;qualities&quot;:[],&quot;captions&quot;:[]}],&quot;videoSize&quot;:{&quot;width&quot;:{&quot;desktop&quot;:&quot;100%&quot;,&quot;tablet&quot;:&quot;100%&quot;,&quot;mobile&quot;:&quot;100%&quot;},&quot;height&quot;:{&quot;desktop&quot;:&quot;&quot;,&quot;tablet&quot;:&quot;&quot;,&quot;mobile&quot;:&quot;&quot;}},&quot;thumbnailSize&quot;:{&quot;width&quot;:{&quot;desktop&quot;:&quot;100%&quot;,&quot;tablet&quot;:&quot;100%&quot;,&quot;mobile&quot;:&quot;100%&quot;},&quot;height&quot;:{&quot;desktop&quot;:&quot;82px&quot;,&quot;tablet&quot;:&quot;&quot;,&quot;mobile&quot;:&quot;&quot;}},&quot;playlist&quot;:false,&quot;themes&quot;:{&quot;theme&quot;:&quot;default&quot;},&quot;tabStyles&quot;:{&quot;activeBg&quot;:&quot;#334155&quot;,&quot;activeTitleColor&quot;:&quot;#fff&quot;,&quot;activeDesColor&quot;:&quot;#fff&quot;,&quot;inactiveBg&quot;:&quot;#F0F5FA&quot;,&quot;inactiveTitleColor&quot;:&quot;#3D8D7A&quot;,&quot;inactiveDesColor&quot;:&quot;#585a5c&quot;,&quot;durationTimeColor&quot;:&quot;#fff&quot;,&quot;durationBg&quot;:&quot;#000&quot;},&quot;captionstyles&quot;:{&quot;color&quot;:&quot;#ffffff&quot;,&quot;bg&quot;:&quot;rgba(0,0,0,0.7)&quot;},&quot;captionTypo&quot;:{&quot;fontSize&quot;:{&quot;desktop&quot;:&quot;18px&quot;,&quot;tablet&quot;:&quot;18px&quot;,&quot;mobile&quot;:&quot;18px&quot;},&quot;fontFamily&quot;:&quot;inherit&quot;,&quot;lineHeight&quot;:&quot;1.4&quot;,&quot;fontWeight&quot;:&quot;400&quot;,&quot;textTransform&quot;:&quot;none&quot;},&quot;titleTypo&quot;:{&quot;fontSize&quot;:{&quot;desktop&quot;:15,&quot;tablet&quot;:13,&quot;mobile&quot;:12}},&quot;descriptionTypo&quot;:{&quot;fontSize&quot;:{&quot;desktop&quot;:14,&quot;tablet&quot;:12,&quot;mobile&quot;:10}},&quot;durationTypo&quot;:{&quot;fontSize&quot;:{&quot;desktop&quot;:14,&quot;tablet&quot;:12,&quot;mobile&quot;:10}},&quot;viewersTypo&quot;:{&quot;fontSize&quot;:{&quot;desktop&quot;:14,&quot;tablet&quot;:12,&quot;mobile&quot;:10}},&quot;alignment&quot;:&quot;center&quot;,&quot;textAlign&quot;:&quot;center&quot;,&quot;background&quot;:{&quot;color&quot;:&quot;#0000&quot;},&quot;scrollBg&quot;:&quot;#3D8D7A&quot;,&quot;content&quot;:&quot;Content of the block&quot;,&quot;typography&quot;:{&quot;fontSize&quot;:20},&quot;color&quot;:&quot;#333&quot;,&quot;colors&quot;:{&quot;color&quot;:&quot;#333&quot;,&quot;bg&quot;:&quot;#fff&quot;},&quot;img&quot;:{&quot;id&quot;:null,&quot;url&quot;:&quot;&quot;,&quot;alt&quot;:&quot;&quot;,&quot;title&quot;:&quot;&quot;},&quot;padding&quot;:{&quot;top&quot;:&quot;15px&quot;,&quot;right&quot;:&quot;30px&quot;,&quot;bottom&quot;:&quot;15px&quot;,&quot;left&quot;:&quot;30px&quot;},&quot;margin&quot;:{&quot;top&quot;:&quot;0px&quot;,&quot;right&quot;:&quot;0px&quot;,&quot;bottom&quot;:&quot;15px&quot;,&quot;left&quot;:&quot;0px&quot;},&quot;border&quot;:{&quot;width&quot;:&quot;0px&quot;,&quot;style&quot;:&quot;solid&quot;,&quot;color&quot;:&quot;#000000&quot;,&quot;radius&quot;:&quot;0px&quot;},&quot;shadow&quot;:[],&quot;layout&quot;:&quot;vertical&quot;}'><\/div><\/div>\n<div class=\"col-lg-6 col-md-12 col-sm-12 my-auto wrap-txt\">\n<h2>Notentriegelung<\/h2>\n<p><strong>ComfyLock verf\u00fcgt \u00fcber ein Notentriegelungssystem, falls Sie Ihr App-Ger\u00e4t oder Ihren Bluetooth-Dongle nicht dabei haben.<\/strong><\/p>\n<p class=\"a-lead\">Durch eine einzigartige Kombination von Bewegungen mit dem Schalthebel wird der Antriebsstrang Ihres Autos entriegelt. Mit der ComfyLock-App haben Sie die M\u00f6glichkeit, die Entriegelungskombination zu personalisieren, mit der die Sicherheitsfunktion deaktiviert wird.<\/p>\n<\/p><\/div>\n<\/div>\n<\/div>\n<\/div>\n<div class=\"contener-row row-multiple col-lilac style=\"border-bottom:1px solid #000;\">\n<div class=\"container\">\n<div class=\"row\">\n<div class=\"col-lg-6 col-md-12 col-sm-12 my-auto wrap-txt\">\n<h2>Unterst\u00fctzung f\u00fcr mehrere Fahrzeuge<\/h2>\n<p><strong>Mit der ComyLock-App k\u00f6nnen Sie ausgew\u00e4hlte Fahrzeuge einfach verwalten.<\/strong><\/p>\n<p class=\"a-lead\">Alles, was Sie tun m\u00fcssen, ist, ein Auto mit einem eingebauten Schloss zur ComfyLock-App hinzuzuf\u00fcgen. Von da an k\u00f6nnen Sie die Sicherheit innerhalb der App aktivieren\/deaktivieren. W\u00e4hlen Sie einfach das Fahrzeug, das Sie entsperren m\u00f6chten, aus der Liste auf Ihrem Telefon aus.<\/p>\n<\/div>\n<div class=\"col-lg-6 col-md-12 col-sm-12 rounded wrap-img\"><div class=\"align wp-block-svp-video-player\" id='svpVideoPlayer-2' data-attributes='{&quot;align&quot;:&quot;&quot;,&quot;options&quot;:{&quot;controls&quot;:{&quot;play-large&quot;:true,&quot;restart&quot;:true,&quot;rewind&quot;:true,&quot;play&quot;:true,&quot;fast-forward&quot;:true,&quot;progress&quot;:true,&quot;current-time&quot;:true,&quot;mute&quot;:true,&quot;volume&quot;:true,&quot;captions&quot;:true,&quot;settings&quot;:true,&quot;pip&quot;:true,&quot;download&quot;:true,&quot;fullscreen&quot;:true},&quot;autoPlay&quot;:false,&quot;clickToPlay&quot;:true,&quot;muted&quot;:false,&quot;volume&quot;:0.5,&quot;seekTime&quot;:10,&quot;repeat&quot;:false,&quot;isAutoNextVideo&quot;:false,&quot;toolTip&quot;:true,&quot;isControl&quot;:true,&quot;shadowControl&quot;:true},&quot;videos&quot;:[{&quot;src&quot;:&quot;https:\\\/\\\/comfylock.com\\\/pl\\\/wp-content\\\/uploads\\\/sites\\\/2\\\/2022\\\/08\\\/ComfyLock-Wsparcie-wielu-pojazdow.mp4&quot;,&quot;title&quot;:&quot;type your video title here&quot;,&quot;poster&quot;:&quot;https:\\\/\\\/comfylock.com\\\/pl\\\/wp-content\\\/uploads\\\/sites\\\/2\\\/2022\\\/08\\\/ComfyLock-Video-Poster-Wsparcie-wielu-pojazdow-1200x720-1.jpg&quot;,&quot;description&quot;:&quot;Don\\u2019t forget to like, comment, and subscribe for more fun episodes!&quot;,&quot;customDownloadButton&quot;:false,&quot;isCustomTitle&quot;:false,&quot;customDownloadUrl&quot;:&quot;&quot;,&quot;qualities&quot;:[],&quot;captions&quot;:[]}],&quot;videoSize&quot;:{&quot;width&quot;:{&quot;desktop&quot;:&quot;100%&quot;,&quot;tablet&quot;:&quot;100%&quot;,&quot;mobile&quot;:&quot;100%&quot;},&quot;height&quot;:{&quot;desktop&quot;:&quot;&quot;,&quot;tablet&quot;:&quot;&quot;,&quot;mobile&quot;:&quot;&quot;}},&quot;thumbnailSize&quot;:{&quot;width&quot;:{&quot;desktop&quot;:&quot;100%&quot;,&quot;tablet&quot;:&quot;100%&quot;,&quot;mobile&quot;:&quot;100%&quot;},&quot;height&quot;:{&quot;desktop&quot;:&quot;82px&quot;,&quot;tablet&quot;:&quot;&quot;,&quot;mobile&quot;:&quot;&quot;}},&quot;playlist&quot;:false,&quot;themes&quot;:{&quot;theme&quot;:&quot;default&quot;},&quot;tabStyles&quot;:{&quot;activeBg&quot;:&quot;#334155&quot;,&quot;activeTitleColor&quot;:&quot;#fff&quot;,&quot;activeDesColor&quot;:&quot;#fff&quot;,&quot;inactiveBg&quot;:&quot;#F0F5FA&quot;,&quot;inactiveTitleColor&quot;:&quot;#3D8D7A&quot;,&quot;inactiveDesColor&quot;:&quot;#585a5c&quot;,&quot;durationTimeColor&quot;:&quot;#fff&quot;,&quot;durationBg&quot;:&quot;#000&quot;},&quot;captionstyles&quot;:{&quot;color&quot;:&quot;#ffffff&quot;,&quot;bg&quot;:&quot;rgba(0,0,0,0.7)&quot;},&quot;captionTypo&quot;:{&quot;fontSize&quot;:{&quot;desktop&quot;:&quot;18px&quot;,&quot;tablet&quot;:&quot;18px&quot;,&quot;mobile&quot;:&quot;18px&quot;},&quot;fontFamily&quot;:&quot;inherit&quot;,&quot;lineHeight&quot;:&quot;1.4&quot;,&quot;fontWeight&quot;:&quot;400&quot;,&quot;textTransform&quot;:&quot;none&quot;},&quot;titleTypo&quot;:{&quot;fontSize&quot;:{&quot;desktop&quot;:15,&quot;tablet&quot;:13,&quot;mobile&quot;:12}},&quot;descriptionTypo&quot;:{&quot;fontSize&quot;:{&quot;desktop&quot;:14,&quot;tablet&quot;:12,&quot;mobile&quot;:10}},&quot;durationTypo&quot;:{&quot;fontSize&quot;:{&quot;desktop&quot;:14,&quot;tablet&quot;:12,&quot;mobile&quot;:10}},&quot;viewersTypo&quot;:{&quot;fontSize&quot;:{&quot;desktop&quot;:14,&quot;tablet&quot;:12,&quot;mobile&quot;:10}},&quot;alignment&quot;:&quot;center&quot;,&quot;textAlign&quot;:&quot;center&quot;,&quot;background&quot;:{&quot;color&quot;:&quot;#0000&quot;},&quot;scrollBg&quot;:&quot;#3D8D7A&quot;,&quot;content&quot;:&quot;Content of the block&quot;,&quot;typography&quot;:{&quot;fontSize&quot;:20},&quot;color&quot;:&quot;#333&quot;,&quot;colors&quot;:{&quot;color&quot;:&quot;#333&quot;,&quot;bg&quot;:&quot;#fff&quot;},&quot;img&quot;:{&quot;id&quot;:null,&quot;url&quot;:&quot;&quot;,&quot;alt&quot;:&quot;&quot;,&quot;title&quot;:&quot;&quot;},&quot;padding&quot;:{&quot;top&quot;:&quot;15px&quot;,&quot;right&quot;:&quot;30px&quot;,&quot;bottom&quot;:&quot;15px&quot;,&quot;left&quot;:&quot;30px&quot;},&quot;margin&quot;:{&quot;top&quot;:&quot;0px&quot;,&quot;right&quot;:&quot;0px&quot;,&quot;bottom&quot;:&quot;15px&quot;,&quot;left&quot;:&quot;0px&quot;},&quot;border&quot;:{&quot;width&quot;:&quot;0px&quot;,&quot;style&quot;:&quot;solid&quot;,&quot;color&quot;:&quot;#000000&quot;,&quot;radius&quot;:&quot;0px&quot;},&quot;shadow&quot;:[],&quot;layout&quot;:&quot;vertical&quot;}'><\/div><\/div>\n<\/div>\n<\/div>\n<\/div>\n<div class=\"contener-row row-service col-gray\">\n<div class=\"container\">\n<div class=\"row\">\n<div class=\"col-lg-6 col-md-12 col-sm-12 wrap-img rounded\">\n        <img decoding=\"async\" src=\"https:\/\/comfylock.com\/pl\/wp-content\/uploads\/sites\/2\/2022\/08\/CamfyLock-Tryb-serwisowy-1024x681.jpg\" alt=\"\" width=\"800\"  class=\"img-fluid block-imgs wp-image-31\" \/><\/div>\n<div class=\"col-lg-6 col-md-12 col-sm-12 my-auto wrap-txt\">\n<h2>Servicemodus-Funktion<\/h2>\n<p class=\"border-div\"><strong>Im Servicemodus kann der Schutz vor\u00fcbergehend deaktiviert werden.<\/strong><\/p>\n<p class=\"a-lead\">Wenn das Schloss im Falle einer Fahrzeugwartung oder einer Reparatur nach einem Unfall entfernt werden muss, kann unser Ger\u00e4t einfach \u00fcber die Telefon-App aus der Ferne ausgeschaltet oder ausgesteckt werden.<\/p>\n<\/p>\n<\/div>\n<\/div>\n<\/div>\n<\/div>\n<\/div>\n<div class=\"contener-row row-parking\">\n<div class=\"container\">\n<div class=\"row\">\n<div class=\"col-lg-6 col-md-12 col-sm-12 my-auto wrap-txt\">\n<h2>Ort des letzten Parkplatzes<\/h2>\n<p>Mit der Option &#8222;Ort des letzten Parkplatzes&#8220; k\u00f6nnen Sie sich die lange Suche in \u00fcberf\u00fcllten Parkh\u00e4usern sparen. Von nun an finden Sie dank der ComfyLock-App immer Ihren Parkplatz.<\/p>\n<\/div>\n<div class=\"col-lg-6 col-md-12 col-sm-12 wrap-img rounded\">\n<div class=\"align wp-block-svp-video-player\" id='svpVideoPlayer-3' data-attributes='{&quot;align&quot;:&quot;&quot;,&quot;options&quot;:{&quot;controls&quot;:{&quot;play-large&quot;:true,&quot;restart&quot;:true,&quot;rewind&quot;:true,&quot;play&quot;:true,&quot;fast-forward&quot;:true,&quot;progress&quot;:true,&quot;current-time&quot;:true,&quot;mute&quot;:true,&quot;volume&quot;:true,&quot;captions&quot;:true,&quot;settings&quot;:true,&quot;pip&quot;:true,&quot;download&quot;:true,&quot;fullscreen&quot;:true},&quot;autoPlay&quot;:false,&quot;clickToPlay&quot;:true,&quot;muted&quot;:false,&quot;volume&quot;:0.5,&quot;seekTime&quot;:10,&quot;repeat&quot;:false,&quot;isAutoNextVideo&quot;:false,&quot;toolTip&quot;:true,&quot;isControl&quot;:true,&quot;shadowControl&quot;:true},&quot;videos&quot;:[{&quot;src&quot;:&quot;https:\\\/\\\/comfylock.com\\\/pl\\\/wp-content\\\/uploads\\\/sites\\\/2\\\/2022\\\/08\\\/ComfyLock-Znajdz-swoj-samochod.mp4&quot;,&quot;title&quot;:&quot;type your video title here&quot;,&quot;poster&quot;:&quot;https:\\\/\\\/comfylock.com\\\/pl\\\/wp-content\\\/uploads\\\/sites\\\/2\\\/2022\\\/08\\\/ComfyLock-Video-Poster-Znajdz-swoj-samochod-1200x720-1.jpg&quot;,&quot;description&quot;:&quot;Don\\u2019t forget to like, comment, and subscribe for more fun episodes!&quot;,&quot;customDownloadButton&quot;:false,&quot;isCustomTitle&quot;:false,&quot;customDownloadUrl&quot;:&quot;&quot;,&quot;qualities&quot;:[],&quot;captions&quot;:[]}],&quot;videoSize&quot;:{&quot;width&quot;:{&quot;desktop&quot;:&quot;100%&quot;,&quot;tablet&quot;:&quot;100%&quot;,&quot;mobile&quot;:&quot;100%&quot;},&quot;height&quot;:{&quot;desktop&quot;:&quot;&quot;,&quot;tablet&quot;:&quot;&quot;,&quot;mobile&quot;:&quot;&quot;}},&quot;thumbnailSize&quot;:{&quot;width&quot;:{&quot;desktop&quot;:&quot;100%&quot;,&quot;tablet&quot;:&quot;100%&quot;,&quot;mobile&quot;:&quot;100%&quot;},&quot;height&quot;:{&quot;desktop&quot;:&quot;82px&quot;,&quot;tablet&quot;:&quot;&quot;,&quot;mobile&quot;:&quot;&quot;}},&quot;playlist&quot;:false,&quot;themes&quot;:{&quot;theme&quot;:&quot;default&quot;},&quot;tabStyles&quot;:{&quot;activeBg&quot;:&quot;#334155&quot;,&quot;activeTitleColor&quot;:&quot;#fff&quot;,&quot;activeDesColor&quot;:&quot;#fff&quot;,&quot;inactiveBg&quot;:&quot;#F0F5FA&quot;,&quot;inactiveTitleColor&quot;:&quot;#3D8D7A&quot;,&quot;inactiveDesColor&quot;:&quot;#585a5c&quot;,&quot;durationTimeColor&quot;:&quot;#fff&quot;,&quot;durationBg&quot;:&quot;#000&quot;},&quot;captionstyles&quot;:{&quot;color&quot;:&quot;#ffffff&quot;,&quot;bg&quot;:&quot;rgba(0,0,0,0.7)&quot;},&quot;captionTypo&quot;:{&quot;fontSize&quot;:{&quot;desktop&quot;:&quot;18px&quot;,&quot;tablet&quot;:&quot;18px&quot;,&quot;mobile&quot;:&quot;18px&quot;},&quot;fontFamily&quot;:&quot;inherit&quot;,&quot;lineHeight&quot;:&quot;1.4&quot;,&quot;fontWeight&quot;:&quot;400&quot;,&quot;textTransform&quot;:&quot;none&quot;},&quot;titleTypo&quot;:{&quot;fontSize&quot;:{&quot;desktop&quot;:15,&quot;tablet&quot;:13,&quot;mobile&quot;:12}},&quot;descriptionTypo&quot;:{&quot;fontSize&quot;:{&quot;desktop&quot;:14,&quot;tablet&quot;:12,&quot;mobile&quot;:10}},&quot;durationTypo&quot;:{&quot;fontSize&quot;:{&quot;desktop&quot;:14,&quot;tablet&quot;:12,&quot;mobile&quot;:10}},&quot;viewersTypo&quot;:{&quot;fontSize&quot;:{&quot;desktop&quot;:14,&quot;tablet&quot;:12,&quot;mobile&quot;:10}},&quot;alignment&quot;:&quot;center&quot;,&quot;textAlign&quot;:&quot;center&quot;,&quot;background&quot;:{&quot;color&quot;:&quot;#0000&quot;},&quot;scrollBg&quot;:&quot;#3D8D7A&quot;,&quot;content&quot;:&quot;Content of the block&quot;,&quot;typography&quot;:{&quot;fontSize&quot;:20},&quot;color&quot;:&quot;#333&quot;,&quot;colors&quot;:{&quot;color&quot;:&quot;#333&quot;,&quot;bg&quot;:&quot;#fff&quot;},&quot;img&quot;:{&quot;id&quot;:null,&quot;url&quot;:&quot;&quot;,&quot;alt&quot;:&quot;&quot;,&quot;title&quot;:&quot;&quot;},&quot;padding&quot;:{&quot;top&quot;:&quot;15px&quot;,&quot;right&quot;:&quot;30px&quot;,&quot;bottom&quot;:&quot;15px&quot;,&quot;left&quot;:&quot;30px&quot;},&quot;margin&quot;:{&quot;top&quot;:&quot;0px&quot;,&quot;right&quot;:&quot;0px&quot;,&quot;bottom&quot;:&quot;15px&quot;,&quot;left&quot;:&quot;0px&quot;},&quot;border&quot;:{&quot;width&quot;:&quot;0px&quot;,&quot;style&quot;:&quot;solid&quot;,&quot;color&quot;:&quot;#000000&quot;,&quot;radius&quot;:&quot;0px&quot;},&quot;shadow&quot;:[],&quot;layout&quot;:&quot;vertical&quot;}'><\/div>\n<\/div>\n<\/div>\n<\/div>\n<\/div>\n<div class=\"contener-row row-support\">\n<div class=\"container\">\n<div class=\"row\">\n<div class=\"col-12 wrap-txt wrap-contener contener-support my-auto bg-gray-b text-center\">\n<h3>Haben Sie noch Fragen?<\/h3>\n<p>Wir laden Sie zum Kontakt mit uns ein. Die am h\u00e4ufigsten gestellten Fragen k\u00f6nnen Sie auch in unseren FAQ nachlesen.<\/p>\n<div><a class=\"btn btn-comfylock btn-comfylock-alt\" href=\"https:\/\/comfylock.com\/de\/faq\" title=\"FAQ\">FAQ<\/a><a class=\"btn btn-comfylock btn-comfylock-primal\" href=\"https:\/\/comfylock.com\/de\/zusammenarbeit\/\" title=\"Zusammenarbeit\">Zusammenarbeit<\/a><\/div>\n<\/p><\/div>\n<\/p><\/div>\n<\/p><\/div>\n<\/div>\n","protected":false},"excerpt":{"rendered":"<p>Immobilizer automatycznej skrzyni bieg\u00f3w Zus\u00e4tzliche Funktionen und Sicherheit Mit ComfyLock erhalten Sie Sicherheit und n\u00fctzliche M\u00f6glichkeiten. Notentriegelung ComfyLock verf\u00fcgt \u00fcber ein Notentriegelungssystem, falls Sie Ihr App-Ger\u00e4t oder Ihren Bluetooth-Dongle nicht dabei haben. Durch eine einzigartige Kombination von Bewegungen mit dem Schalthebel wird der Antriebsstrang Ihres Autos entriegelt. Mit der ComfyLock-App haben Sie die M\u00f6glichkeit, die [&hellip;]<\/p>\n","protected":false},"author":1,"featured_media":0,"parent":0,"menu_order":0,"comment_status":"closed","ping_status":"closed","template":"page-full.php","meta":{"inline_featured_image":false,"footnotes":""},"class_list":["post-16","page","type-page","status-publish","hentry"],"aioseo_notices":[],"_links":{"self":[{"href":"https:\/\/comfylock.com\/de\/wp-json\/wp\/v2\/pages\/16","targetHints":{"allow":["GET"]}}],"collection":[{"href":"https:\/\/comfylock.com\/de\/wp-json\/wp\/v2\/pages"}],"about":[{"href":"https:\/\/comfylock.com\/de\/wp-json\/wp\/v2\/types\/page"}],"author":[{"embeddable":true,"href":"https:\/\/comfylock.com\/de\/wp-json\/wp\/v2\/users\/1"}],"replies":[{"embeddable":true,"href":"https:\/\/comfylock.com\/de\/wp-json\/wp\/v2\/comments?post=16"}],"version-history":[{"count":8,"href":"https:\/\/comfylock.com\/de\/wp-json\/wp\/v2\/pages\/16\/revisions"}],"predecessor-version":[{"id":79,"href":"https:\/\/comfylock.com\/de\/wp-json\/wp\/v2\/pages\/16\/revisions\/79"}],"wp:attachment":[{"href":"https:\/\/comfylock.com\/de\/wp-json\/wp\/v2\/media?parent=16"}],"curies":[{"name":"wp","href":"https:\/\/api.w.org\/{rel}","templated":true}]}}