{"id":1714,"date":"2022-10-12T15:10:49","date_gmt":"2022-10-12T13:10:49","guid":{"rendered":"https:\/\/comfylock.com\/pl\/?page_id=1714"},"modified":"2022-11-15T15:46:23","modified_gmt":"2022-11-15T14:46:23","slug":"wspolpraca","status":"publish","type":"page","link":"https:\/\/comfylock.com\/pl\/wspolpraca\/","title":{"rendered":"Wsp\u00f3\u0142praca"},"content":{"rendered":"<div class=\"contener-row row-cooperation\">\n<div class=\"container\">\n<div class=\"row\">\n<div class=\"col-lg-6 col-md-12 col-sm-12 wrap-contener-form-cooperation\">\n<div class=\" wrap-contener contener-form contener-form-cooperation\">\n\n<div class=\"wpcf7 no-js\" id=\"wpcf7-f2199-o1\" lang=\"pl-PL\" dir=\"ltr\" data-wpcf7-id=\"2199\">\n<div class=\"screen-reader-response\"><p role=\"status\" aria-live=\"polite\" aria-atomic=\"true\"><\/p> <ul><\/ul><\/div>\n<form action=\"\/pl\/wp-json\/wp\/v2\/pages\/1714#wpcf7-f2199-o1\" method=\"post\" class=\"wpcf7-form init\" aria-label=\"Formularz kontaktowy\" novalidate=\"novalidate\" data-status=\"init\">\n<fieldset class=\"hidden-fields-container\"><input type=\"hidden\" name=\"_wpcf7\" value=\"2199\" \/><input type=\"hidden\" name=\"_wpcf7_version\" value=\"6.1.5\" \/><input type=\"hidden\" name=\"_wpcf7_locale\" value=\"pl_PL\" \/><input type=\"hidden\" name=\"_wpcf7_unit_tag\" value=\"wpcf7-f2199-o1\" \/><input type=\"hidden\" name=\"_wpcf7_container_post\" value=\"0\" \/><input type=\"hidden\" name=\"_wpcf7_posted_data_hash\" value=\"\" \/>\n<\/fieldset>\n<div class=\"personal-info\">\n\t<div class=\"row\">\n\t\t<div class=\"above-form\">\n\t\t\t<h3>Formularz instalatora\n\t\t\t<\/h3>\n\t\t\t<p>Aby zosta\u0107 instalatorem, po\u015bwi\u0119\u0107 troch\u0119 czasu na wype\u0142nienie poni\u017cszego formularza.\n\t\t\t<\/p>\n\t\t<\/div>\n\t\t<div class=\"col-md-6\">\n\t\t\t<p><span class=\"wpcf7-form-control-wrap\" data-name=\"your-name\"><input size=\"40\" maxlength=\"400\" class=\"wpcf7-form-control wpcf7-text wpcf7-validates-as-required form-control\" aria-required=\"true\" aria-invalid=\"false\" placeholder=\"Imi\u0119*\" value=\"\" type=\"text\" name=\"your-name\" \/><\/span>\n\t\t\t<\/p>\n\t\t<\/div>\n\t\t<div class=\"col-md-6\">\n\t\t\t<p><span class=\"wpcf7-form-control-wrap\" data-name=\"your-name\"><input size=\"40\" maxlength=\"400\" class=\"wpcf7-form-control wpcf7-text wpcf7-validates-as-required form-control float-end\" aria-required=\"true\" aria-invalid=\"false\" placeholder=\"Nazwisko *\" value=\"\" type=\"text\" name=\"your-name\" \/><\/span>\n\t\t\t<\/p>\n\t\t<\/div>\n\t<\/div><!-- end of .row -->\n\t<div class=\"row\">\n\t\t<div class=\"col-md-6\">\n\t\t\t<p><span class=\"wpcf7-form-control-wrap\" data-name=\"your-phone\"><input size=\"40\" maxlength=\"400\" class=\"wpcf7-form-control wpcf7-text wpcf7-validates-as-required form-control\" aria-required=\"true\" aria-invalid=\"false\" placeholder=\"Tel. *\" value=\"\" type=\"text\" name=\"your-phone\" \/><\/span>\n\t\t\t<\/p>\n\t\t<\/div>\n\t\t<div class=\"col-md-6\">\n\t\t\t<p><span class=\"wpcf7-form-control-wrap\" data-name=\"your-email\"><input size=\"40\" maxlength=\"400\" class=\"wpcf7-form-control wpcf7-email wpcf7-validates-as-required wpcf7-text wpcf7-validates-as-email form-control float-end\" aria-required=\"true\" aria-invalid=\"false\" placeholder=\"Email *\" value=\"\" type=\"email\" name=\"your-email\" \/><\/span>\n\t\t\t<\/p>\n\t\t<\/div>\n\t<\/div><!-- end of .row -->\n<\/div>\n<hr class=\"form-separator\" \/>\n<div class=\"company-info\">\n\t<h3>Dane firmowe\n\t<\/h3>\n\t<div class=\"row mb-4\">\n\t\t<div class=\"col-md-12\">\n\t\t\t<p><span class=\"wpcf7-form-control-wrap\" data-name=\"Company\"><input size=\"40\" maxlength=\"400\" class=\"wpcf7-form-control wpcf7-text wpcf7-validates-as-required form-control row-full-form\" aria-required=\"true\" aria-invalid=\"false\" placeholder=\"Firma*\" value=\"\" type=\"text\" name=\"Company\" \/><\/span>\n\t\t\t<\/p>\n\t\t<\/div>\n\t<\/div>\n\t<div class=\"row\">\n\t\t<div class=\"col-md-12\">\n\t\t\t<p><span class=\"wpcf7-form-control-wrap\" data-name=\"Adress\"><input size=\"40\" maxlength=\"400\" class=\"wpcf7-form-control wpcf7-text wpcf7-validates-as-required form-control row-full-form\" aria-required=\"true\" aria-invalid=\"false\" placeholder=\"Adres*\" value=\"\" type=\"text\" name=\"Adress\" \/><\/span>\n\t\t\t<\/p>\n\t\t<\/div>\n\t<\/div><!-- end of .row -->\n\t<div class=\"row mb-4\">\n\t\t<div class=\"col-md-6\">\n\t\t\t<p><span class=\"wpcf7-form-control-wrap\" data-name=\"company-phone\"><input size=\"40\" maxlength=\"400\" class=\"wpcf7-form-control wpcf7-text wpcf7-validates-as-required form-control\" aria-required=\"true\" aria-invalid=\"false\" placeholder=\"Tel. *\" value=\"\" type=\"text\" name=\"company-phone\" \/><\/span>\n\t\t\t<\/p>\n\t\t<\/div>\n\t\t<div class=\"col-md-6\">\n\t\t\t<p><span class=\"wpcf7-form-control-wrap\" data-name=\"company-email\"><input size=\"40\" maxlength=\"400\" class=\"wpcf7-form-control wpcf7-email wpcf7-validates-as-required wpcf7-text wpcf7-validates-as-email form-control float-end\" aria-required=\"true\" aria-invalid=\"false\" placeholder=\"Email *\" value=\"\" type=\"email\" name=\"company-email\" \/><\/span>\n\t\t\t<\/p>\n\t\t<\/div>\n\t<\/div><!-- end of .row -->\n\t<div class=\"row mb-4\">\n\t\t<div class=\"col-md-6\">\n\t\t\t<p><span class=\"wpcf7-form-control-wrap\" data-name=\"experience\"><input size=\"40\" maxlength=\"400\" class=\"wpcf7-form-control wpcf7-text form-control\" aria-invalid=\"false\" placeholder=\"Od ilu lat prowadzisz dzia\u0142alno\u015b\u0107?\" value=\"\" type=\"text\" name=\"experience\" \/><\/span>\n\t\t\t<\/p>\n\t\t<\/div>\n\t\t<div class=\"col-md-6\">\n\t\t\t<p><span class=\"wpcf7-form-control-wrap\" data-name=\"hearAbout\"><input size=\"40\" maxlength=\"400\" class=\"wpcf7-form-control wpcf7-text form-control float-end\" aria-invalid=\"false\" placeholder=\"Jak o nas us\u0142ysza\u0142e\u015b?\" value=\"\" type=\"text\" name=\"hearAbout\" \/><\/span>\n\t\t\t<\/p>\n\t\t<\/div>\n\t<\/div><!-- end of .row -->\n\t<div class=\"row\">\n\t\t<div class=\"col-sm-12\">\n\t\t\t<p><input class=\"wpcf7-form-control wpcf7-submit has-spinner classbtn btn-comfylock btn-comfylock-primal\" type=\"submit\" value=\"Kontynuj\" \/>\n\t\t\t<\/p>\n\t\t<\/div>\n\t\t<p class=\"logo-info\"><i>Wyra\u017cam zgod\u0119 na przechowywanie przez serwis przes\u0142anych przeze mnie informacji, aby administrator m\u00f3g\u0142 odpowiedzie\u0107 na moje zapytanie.<\/i>\n\t\t<\/p>\n\t<\/div>\n<\/div><div class=\"wpcf7-response-output\" aria-hidden=\"true\"><\/div>\n<\/form>\n<\/div>\n\n<\/div>\n<\/div>\n<div class=\"col-lg-6 col-md-12 col-sm-12 wrap-txt txt-cooperation my-auto\">\n<h2>Wsp\u00f3\u0142praca<\/h2>\n<p>Jeste\u015b specjalist\u0105 w bran\u017cy zabezpiecze\u0144? Masz do\u015bwiadczenie w elektronice samochodowej? Prowadzisz w\u0142asny warsztat i chcia\u0142by\u015b zosta\u0107 naszym monta\u017cyst\u0105?<\/p>\n<p>Wype\u0142nij formularz, a my zajmiemy si\u0119 reszt\u0105.<\/p>\n<p><strong>Ka\u017cdy z naszych monta\u017cyst\u00f3w mo\u017ce liczy\u0107 na spersonalizowane kampanie reklamowe online. Do\u0142o\u017cymy wszelkich stara\u0144, aby rozreklamowa\u0107 Tw\u00f3j warsztat jako nasz oficjalny punkt monta\u017cu.<\/strong><\/p>\n<\/div>\n<\/div>\n<\/div>\n<\/div>\n","protected":false},"excerpt":{"rendered":"<p>Wsp\u00f3\u0142praca Jeste\u015b specjalist\u0105 w bran\u017cy zabezpiecze\u0144? Masz do\u015bwiadczenie w elektronice samochodowej? Prowadzisz w\u0142asny warsztat i chcia\u0142by\u015b zosta\u0107 naszym monta\u017cyst\u0105? Wype\u0142nij formularz, a my zajmiemy si\u0119 reszt\u0105. Ka\u017cdy z naszych monta\u017cyst\u00f3w mo\u017ce liczy\u0107 na spersonalizowane kampanie reklamowe online. Do\u0142o\u017cymy wszelkich stara\u0144, aby rozreklamowa\u0107 Tw\u00f3j warsztat jako nasz oficjalny punkt monta\u017cu.<\/p>\n","protected":false},"author":1,"featured_media":0,"parent":0,"menu_order":0,"comment_status":"closed","ping_status":"closed","template":"page-full.php","meta":{"inline_featured_image":false,"footnotes":""},"class_list":["post-1714","page","type-page","status-publish","hentry"],"aioseo_notices":[],"_links":{"self":[{"href":"https:\/\/comfylock.com\/pl\/wp-json\/wp\/v2\/pages\/1714","targetHints":{"allow":["GET"]}}],"collection":[{"href":"https:\/\/comfylock.com\/pl\/wp-json\/wp\/v2\/pages"}],"about":[{"href":"https:\/\/comfylock.com\/pl\/wp-json\/wp\/v2\/types\/page"}],"author":[{"embeddable":true,"href":"https:\/\/comfylock.com\/pl\/wp-json\/wp\/v2\/users\/1"}],"replies":[{"embeddable":true,"href":"https:\/\/comfylock.com\/pl\/wp-json\/wp\/v2\/comments?post=1714"}],"version-history":[{"count":35,"href":"https:\/\/comfylock.com\/pl\/wp-json\/wp\/v2\/pages\/1714\/revisions"}],"predecessor-version":[{"id":3849,"href":"https:\/\/comfylock.com\/pl\/wp-json\/wp\/v2\/pages\/1714\/revisions\/3849"}],"wp:attachment":[{"href":"https:\/\/comfylock.com\/pl\/wp-json\/wp\/v2\/media?parent=1714"}],"curies":[{"name":"wp","href":"https:\/\/api.w.org\/{rel}","templated":true}]}}