{"id":3,"date":"2022-08-24T13:59:48","date_gmt":"2022-08-24T11:59:48","guid":{"rendered":"https:\/\/comfylock.com\/pl\/?page_id=3"},"modified":"2022-12-30T01:07:21","modified_gmt":"2022-12-30T00:07:21","slug":"home","status":"publish","type":"page","link":"https:\/\/comfylock.com\/pl\/","title":{"rendered":"Home"},"content":{"rendered":"<div class=\"contener-row row-header primal overflow-hidden\">\n<div class=\"container-fluid container-row2 col-xxl-9\">\n<div class=\"row row-hero-text flex-lg-nowrap align-items-center g-4\">\n<div class=\"order-lg-1 w-100\"><\/div>\n<div class=\"col-xs-12 col-sm-12 col-md-5 col-lg-5 col-xl-6 col-xxl-6\">\n<div class=\"wrap-contener contener-hero hero-home\">\n<h6 class=\"hero-badge\">BLOKADA AUTOMATYCZNEJ SKRZYNI BIEG\u00d3W<\/h6>\n<h1 class=\"hero-title\">Zabezpiecz samoch\u00f3d<br \/>przed kradzie\u017c\u0105<\/h1>\n<p class=\"hero-lead\">Elektroniczny immobilizer automatycznej skrzyni bieg\u00f3w sterowany aplikacj\u0105.<\/p>\n<p>          <a href=\"https:\/\/comfylock.com\/pl\/funkcje\" class=\"btn btn-comfylock btn-comfylock-primal\" role=\"button\">FUNKCJE<\/a><\/p>\n<div class=\"row row-badge contener-badge\">\n<p class=\"badge-info\">Pobierz aplikacj\u0119 na swoje urz\u0105dzenie<\/p>\n<div class=\"col-4 col-md-3 market-badge google-badge cpl\">\n            <a href=\"https:\/\/play.google.com\/store\/apps\/details?id=com.ads.comfylock&#038;hl=pl&#038;gl=US\" title=\"Download COMFYLOCK app for Android\"><img decoding=\"async\" class=\"img-fluid wp-image-975\" src=\"https:\/\/comfylock.com\/pl\/wp-content\/uploads\/sites\/2\/2022\/11\/googlestore-pl.svg\"\/><\/a>\n          <\/div>\n<div class=\"col-4 col-md-3 market-badge apple-badge cpr\">\n              <a href=\"https:\/\/apps.apple.com\/pl\/app\/comfy-lock\/id1574732958?l=pl\" title=\"Download COMFYLOCK app for iOS\"><img decoding=\"async\" class=\"img-fluid wp-image-977 d-apple\" src=\"https:\/\/comfylock.com\/pl\/wp-content\/uploads\/sites\/2\/2022\/11\/appstore-pl.svg\" \/><\/a><\/div>\n<\/div>\n<\/div>\n<\/div>\n<\/div>\n<\/div>\n<\/div>\n<div class=\"contener-row row-advatage\">\n<div class=\"container text-center\">\n<div class=\"row\">\n<div class=\"col-12 col-sm-12 col-md-4 col-lg-4 col-xl-4 contener-icon-horizontal\">\n<div class=\"icon-h rounded-circle\">\n         <img loading=\"lazy\" decoding=\"async\" src=\"https:\/\/comfylock.com\/pl\/wp-content\/uploads\/sites\/2\/2022\/10\/paczka-icon-solid-05_.svg\" alt=\"\" width=\"65\" height=\"65\" class=\"img-fluid wp-image-2899\" \/>\n           <\/div>\n<h3>Sterowanie aplikacj\u0105<\/h3>\n<p>Sterowanie blokad\u0105 odbywa si\u0119 za pomoc\u0105 dedykowanej aplikacji na urz\u0105dzenia z systemem Android b\u0105d\u017a iOS lub poprzez brelok z modu\u0142em Bluetooth.<\/p>\n<\/p><\/div>\n<div class=\"col-12 col-sm-12 col-md-4 col-lg-4 col-xl-4 contener-icon-horizontal\">\n<div class=\"icon-h rounded-circle\">\n           <img loading=\"lazy\" decoding=\"async\" src=\"https:\/\/comfylock.com\/pl\/wp-content\/uploads\/sites\/2\/2022\/10\/paczka-icon-solid-03_.svg\" alt=\"\" width=\"65\" height=\"65\" class=\"img-fluid wp-image-2640\" \/>\n         <\/div>\n<h3>Plug &#038; play<\/h3>\n<p>Blokada ComfyLock dzia\u0142a w systemie plug-and-play. Monta\u017c odbywa si\u0119 wy\u0142\u0105cznie poprzez pod\u0142\u0105czenie do oryginalnych wtyczek i z\u0142\u0105czy, bez ingerencji w inne podzespo\u0142y. Instalacja nie ma wp\u0142ywu na gwarancje pojazdu.\n          <\/p>\n<\/p><\/div>\n<div class=\"col-12 col-sm-12 col-md-4 col-lg-4 col-xl-4 contener-icon-horizontal\">\n<div class=\"icon-h rounded-circle\">\n            <img loading=\"lazy\" decoding=\"async\" src=\"https:\/\/comfylock.com\/pl\/wp-content\/uploads\/sites\/2\/2022\/10\/paczka-icon-solid-02_.svg\" alt=\"\" width=\"65\" height=\"65\" class=\"img-fluid wp-image-2639\" \/>\n           <\/div>\n<h3>Funkcje i udogodnienia<\/h3>\n<p>Dzi\u0119ki ComfyLock zyskujesz pakiet przydatnych funkcji jak: miejsce ostatniego parkowania, tryb serwisowy, wsparcie dla wielu pojazd\u00f3w, sekwencja awaryjnego odblokowywania.\n          <\/p>\n<\/p><\/div>\n<\/div>\n<\/div>\n<\/div>\n<div class=\"contener-row row-howto col-gray\">\n<div class=\"container\">\n<div class=\"row\">\n<div class=\"col-lg-5 col-md-12 col-sm-12 wrap-txt my-auto\">\n<h3>Jak dzia\u0142a ComfyLock?<\/h3>\n<p class=\"bolder\">ComfyLock zabezpiecza tw\u00f3j pojazd przed kradzie\u017c\u0105 poprzez zablokowanie jego nap\u0119du.<\/p>\n<p>Bezprzewodowa komunikacja Bluetooth umo\u017cliwia sterowanie blokad\u0105 za pomoc\u0105 breloka lub urz\u0105dzeniem z zainstalowan\u0105 aplikacj\u0105.<\/p>\n<\/p><\/div>\n<div class=\"col-lg-7 col-md-12 col-sm-12 wrap-contener-howto-schemat\">\n<div class=\"wrap-contener contener-howto-schemat\">\n<img loading=\"lazy\" decoding=\"async\" src=\"https:\/\/comfylock.com\/pl\/wp-content\/uploads\/sites\/2\/2022\/10\/Xschemaci-taki-01.svg\" alt=\"\" width=\"800\" height=\"600\" class=\"img-fluid wp-image-2901\" \/>\n\t\t<\/div>\n<\/p><\/div>\n<\/p><\/div>\n<\/p><\/div>\n<\/p><\/div>\n<\/div>\n<\/div>\n<div class=\"contener-row row-controll col-lilac\">\n<div class=\"container\">\n<div class=\"row\">\n<div class=\"col-lg-5 col-md-12 col-sm-12 wrap-txt my-auto text-left\">\n<h2>Jak sterowa\u0107 blokad\u0105?<\/h2>\n<div class=\"contener-icon-vertical\">\n<div class=\"row\">\n<div class=\"col-3 col-sm-3 col-lg-2 icon-v rounded-circle\">\n              <img loading=\"lazy\" decoding=\"async\" src=\"https:\/\/comfylock.com\/pl\/wp-content\/uploads\/sites\/2\/2022\/10\/paczka-icon-solid-05_.svg\" alt=\"\" width=\"65\" height=\"65\" class=\"align-middle img-fluid wp-image-2705\" \/>\n            <\/div>\n<div class=\"col-9 col-sm-9 col-lg-10 txt-icon-v\">\n<h6 class=\"hero-badge\">Bezprzewodowo | Bluetooth<\/h6>\n<h4>Urz\u0105dzeniem z zainstalowan\u0105 aplikacj\u0105 <\/h4>\n<\/p><\/div>\n<\/div>\n<\/div>\n<div class=\"contener-icon-vertical\">\n<div class=\"row\">\n<div class=\"col-3 col-sm-3 col-lg-2 icon-v rounded-circle\">\n                <img loading=\"lazy\" decoding=\"async\" src=\"https:\/\/comfylock.com\/pl\/wp-content\/uploads\/sites\/2\/2022\/10\/paczka-icon-solid-04_.svg\" alt=\"\" width=\"65\" height=\"65\" class=\"align-middle img-fluid wp-image-2704\" \/>\n            <\/div>\n<div class=\"col-9 col-sm-9 col-lg-10 txt-icon-v\">\n<h6 class=\"hero-badge\">Bezprzewodowo | Bluetooth<\/h6>\n<h4>Brelokiem z modu\u0142em bezprzewodowym<\/h4>\n<\/p><\/div>\n<\/div>\n<\/div>\n<div class=\"contener-icon-vertical\">\n<div class=\"row\">\n<div class=\"col-3 col-sm-3 col-lg-2 icon-v rounded-circle\">\n                <img loading=\"lazy\" decoding=\"async\" src=\"https:\/\/comfylock.com\/pl\/wp-content\/uploads\/sites\/2\/2022\/10\/paczka-icon-solid-06X.svg\" alt=\"\" width=\"65\" height=\"65\" class=\"align-middle img-fluid wp-image-2703\" \/>\n             <\/div>\n<div class=\"col-9 col-sm-9 col-lg-10 txt-icon-v\">\n<h6 class=\"hero-badge\">Manualnie | Wz\u00f3r<\/h6>\n<h4>Sekwencj\u0105 dr\u0105\u017ckiem zmiany bieg\u00f3w<\/h4>\n<\/p><\/div>\n<\/div>\n<\/div><\/div>\n<div class=\"col-lg-7 col-md-12 col-sm-12\">\n<div class=\"wrap-contener contener-control\">\n        <img decoding=\"async\" src=\"https:\/\/comfylock.com\/wp-content\/uploads\/2022\/12\/how-controll-comfylock.png\" alt=\"How controll ComfyLock\"  class=\"img-fluid wp-image-2355\" \/>\n        <\/div>\n<\/p><\/div>\n<\/div>\n<\/div>\n<\/div>\n<div class=\"contener-row row-logoshowcase\">\n<div class=\"container\">\n<div class=\"row\">\n<h3 class=\"text-center\">Dost\u0119pny dla marek<\/h3>\n\t\t\r\n\t\t\r\n\t\t<style>\t\r\n\t\t\t\t\t\t\t#lswssp-logo-carousel-1 .lswssp-logo-img-wrap .lswssp-logo-img{max-height:200px}\r\n\t\t\t\t\t<\/style>\r\n\r\n\t\t<div class=\"lswssp-wrap lswssp-logo-showcase lswssp-logo-carousel-wrap lswssp-post-data-wrap lswssp-design-1  lswssp-default-height\">\r\n\t<div class=\"lswssp-logo-carousel lswssp-logo-carousel-inr-wrap lswssp-post-data-inr-wrap lswssp-tooltip-conf lswssp-clearfix\" id=\"lswssp-logo-carousel-1\" data-conf=\"{&quot;id&quot;:&quot;3651&quot;,&quot;css_class&quot;:&quot; lswssp-default-height&quot;,&quot;display_type&quot;:&quot;slider&quot;,&quot;images&quot;:[3819,3820,3830,3828,3829,3827,3825,3826,3823,3824,3822,3821],&quot;design&quot;:&quot;design-1&quot;,&quot;show_title&quot;:false,&quot;show_desc&quot;:false,&quot;link_target&quot;:&quot;_blank&quot;,&quot;min_height&quot;:&quot;&quot;,&quot;max_height&quot;:200,&quot;slides_show&quot;:5,&quot;slides_scroll&quot;:1,&quot;autoplay&quot;:true,&quot;autoplay_speed&quot;:3000,&quot;speed&quot;:600,&quot;arrow&quot;:false,&quot;dots&quot;:false,&quot;pause_on_hover&quot;:true,&quot;loop&quot;:true,&quot;centermode&quot;:false,&quot;center_padding&quot;:0,&quot;ipad&quot;:3,&quot;tablet&quot;:2,&quot;mobile&quot;:1,&quot;unique&quot;:1,&quot;count&quot;:0,&quot;slide_to_show&quot;:5,&quot;slide_to_show_ipad&quot;:3,&quot;slide_to_show_tablet&quot;:2,&quot;slide_to_show_mobile&quot;:1}\"><div class=\"lswssp-slide lswssp-post-3819\">\r\n\t<div class=\"lswssp-slide-inner\">\r\n\t\t<div class=\"lswssp-logo-img-wrap\">\r\n\t\t\t\t\t\t\t<img decoding=\"async\" class=\"lswssp-logo-img\" src=\"https:\/\/comfylock.com\/pl\/wp-content\/uploads\/sites\/2\/2022\/11\/logo-honda.svg\" alt=\"logo-honda\" \/>\r\n\t\t\t\t\t<\/div>\r\n\r\n\t\t\t<\/div>\r\n<\/div><div class=\"lswssp-slide lswssp-post-3820\">\r\n\t<div class=\"lswssp-slide-inner\">\r\n\t\t<div class=\"lswssp-logo-img-wrap\">\r\n\t\t\t\t\t\t\t<img decoding=\"async\" class=\"lswssp-logo-img\" src=\"https:\/\/comfylock.com\/pl\/wp-content\/uploads\/sites\/2\/2022\/11\/logo-mazda.svg\" alt=\"logo-mazda\" \/>\r\n\t\t\t\t\t<\/div>\r\n\r\n\t\t\t<\/div>\r\n<\/div><div class=\"lswssp-slide lswssp-post-3830\">\r\n\t<div class=\"lswssp-slide-inner\">\r\n\t\t<div class=\"lswssp-logo-img-wrap\">\r\n\t\t\t\t\t\t\t<img decoding=\"async\" class=\"lswssp-logo-img\" src=\"https:\/\/comfylock.com\/pl\/wp-content\/uploads\/sites\/2\/2022\/11\/logo-citroen.svg\" alt=\"logo-citroen\" \/>\r\n\t\t\t\t\t<\/div>\r\n\r\n\t\t\t<\/div>\r\n<\/div><div class=\"lswssp-slide lswssp-post-3828\">\r\n\t<div class=\"lswssp-slide-inner\">\r\n\t\t<div class=\"lswssp-logo-img-wrap\">\r\n\t\t\t\t\t\t\t<img decoding=\"async\" class=\"lswssp-logo-img\" src=\"https:\/\/comfylock.com\/pl\/wp-content\/uploads\/sites\/2\/2022\/11\/CL-logo-cars.svg\" alt=\"CL logo cars\" \/>\r\n\t\t\t\t\t<\/div>\r\n\r\n\t\t\t<\/div>\r\n<\/div><div class=\"lswssp-slide lswssp-post-3829\">\r\n\t<div class=\"lswssp-slide-inner\">\r\n\t\t<div class=\"lswssp-logo-img-wrap\">\r\n\t\t\t\t\t\t\t<img decoding=\"async\" class=\"lswssp-logo-img\" src=\"https:\/\/comfylock.com\/pl\/wp-content\/uploads\/sites\/2\/2022\/11\/logo-audi.svg\" alt=\"logo-audi\" \/>\r\n\t\t\t\t\t<\/div>\r\n\r\n\t\t\t<\/div>\r\n<\/div><div class=\"lswssp-slide lswssp-post-3827\">\r\n\t<div class=\"lswssp-slide-inner\">\r\n\t\t<div class=\"lswssp-logo-img-wrap\">\r\n\t\t\t\t\t\t\t<img decoding=\"async\" class=\"lswssp-logo-img\" src=\"https:\/\/comfylock.com\/pl\/wp-content\/uploads\/sites\/2\/2022\/11\/logo-vw.svg\" alt=\"logo-vw\" \/>\r\n\t\t\t\t\t<\/div>\r\n\r\n\t\t\t<\/div>\r\n<\/div><div class=\"lswssp-slide lswssp-post-3825\">\r\n\t<div class=\"lswssp-slide-inner\">\r\n\t\t<div class=\"lswssp-logo-img-wrap\">\r\n\t\t\t\t\t\t\t<img decoding=\"async\" class=\"lswssp-logo-img\" src=\"https:\/\/comfylock.com\/pl\/wp-content\/uploads\/sites\/2\/2022\/11\/logo-skoda.svg\" alt=\"logo-skoda\" \/>\r\n\t\t\t\t\t<\/div>\r\n\r\n\t\t\t<\/div>\r\n<\/div><div class=\"lswssp-slide lswssp-post-3826\">\r\n\t<div class=\"lswssp-slide-inner\">\r\n\t\t<div class=\"lswssp-logo-img-wrap\">\r\n\t\t\t\t\t\t\t<img decoding=\"async\" class=\"lswssp-logo-img\" src=\"https:\/\/comfylock.com\/pl\/wp-content\/uploads\/sites\/2\/2022\/11\/logo-toyota.svg\" alt=\"logo-toyota\" \/>\r\n\t\t\t\t\t<\/div>\r\n\r\n\t\t\t<\/div>\r\n<\/div><div class=\"lswssp-slide lswssp-post-3823\">\r\n\t<div class=\"lswssp-slide-inner\">\r\n\t\t<div class=\"lswssp-logo-img-wrap\">\r\n\t\t\t\t\t\t\t<img decoding=\"async\" class=\"lswssp-logo-img\" src=\"https:\/\/comfylock.com\/pl\/wp-content\/uploads\/sites\/2\/2022\/11\/logo-porshe.svg\" alt=\"logo-porshe\" \/>\r\n\t\t\t\t\t<\/div>\r\n\r\n\t\t\t<\/div>\r\n<\/div><div class=\"lswssp-slide lswssp-post-3824\">\r\n\t<div class=\"lswssp-slide-inner\">\r\n\t\t<div class=\"lswssp-logo-img-wrap\">\r\n\t\t\t\t\t\t\t<img decoding=\"async\" class=\"lswssp-logo-img\" src=\"https:\/\/comfylock.com\/pl\/wp-content\/uploads\/sites\/2\/2022\/11\/logo-seat.svg\" alt=\"logo-seat\" \/>\r\n\t\t\t\t\t<\/div>\r\n\r\n\t\t\t<\/div>\r\n<\/div><div class=\"lswssp-slide lswssp-post-3822\">\r\n\t<div class=\"lswssp-slide-inner\">\r\n\t\t<div class=\"lswssp-logo-img-wrap\">\r\n\t\t\t\t\t\t\t<img decoding=\"async\" class=\"lswssp-logo-img\" src=\"https:\/\/comfylock.com\/pl\/wp-content\/uploads\/sites\/2\/2022\/11\/logo-peugeot.svg\" alt=\"logo-peugeot\" \/>\r\n\t\t\t\t\t<\/div>\r\n\r\n\t\t\t<\/div>\r\n<\/div><div class=\"lswssp-slide lswssp-post-3821\">\r\n\t<div class=\"lswssp-slide-inner\">\r\n\t\t<div class=\"lswssp-logo-img-wrap\">\r\n\t\t\t\t\t\t\t<img decoding=\"async\" class=\"lswssp-logo-img\" src=\"https:\/\/comfylock.com\/pl\/wp-content\/uploads\/sites\/2\/2022\/11\/logo-mercedes.svg\" alt=\"logo-mercedes\" \/>\r\n\t\t\t\t\t<\/div>\r\n\r\n\t\t\t<\/div>\r\n<\/div>\t<\/div>\r\n<\/div><\/div>\n<p class=\"logo-info text-center\">Wszystkie inne znaki towarowe i marki lub nazwy handlowe u\u017cyte na tej stronie nale\u017c\u0105 do i\/lub s\u0105 zastrze\u017cone przez ich w\u0142a\u015bcicieli i zosta\u0142y u\u017cyte wy\u0142\u0105cznie w celach informacyjnych.<\/p>\n<\/p><\/div>\n<\/div>\n<div class=\"contener-row row-support\">\n<div class=\"container\">\n<div class=\"row\">\n<div class=\"col-12 wrap-txt wrap-contener contener-support my-auto bg-gray-b text-center\">\n<h3>Masz dodatkowe pytania?<\/h3>\n<p>Zach\u0119camy do kontaktu. Mo\u017cesz r\u00f3wnie\u017c zapozna\u0107 si\u0119 z najcz\u0119\u015bciej zadawanymi pytaniami w naszym FAQ.<\/p>\n<div><a class=\"btn btn-comfylock btn-comfylock-alt\" href=\"https:\/\/comfylock.com\/pl\/faq\" title=\"FAQ\">FAQ<\/a><a class=\"btn btn-comfylock btn-comfylock-primal\" href=\"https:\/\/comfylock.com\/pl\/wspolpraca\/\" title=\"Wsp\u00f3\u0142praca\">Wsp\u00f3\u0142praca<\/a><\/div>\n<\/p><\/div>\n<\/p><\/div>\n<\/p><\/div>\n<\/div>\n","protected":false},"excerpt":{"rendered":"<p>BLOKADA AUTOMATYCZNEJ SKRZYNI BIEG\u00d3W Zabezpiecz samoch\u00f3dprzed kradzie\u017c\u0105 Elektroniczny immobilizer automatycznej skrzyni bieg\u00f3w sterowany aplikacj\u0105. FUNKCJE Pobierz aplikacj\u0119 na swoje urz\u0105dzenie Sterowanie aplikacj\u0105 Sterowanie blokad\u0105 odbywa si\u0119 za pomoc\u0105 dedykowanej aplikacji na urz\u0105dzenia z systemem Android b\u0105d\u017a iOS lub poprzez brelok z modu\u0142em Bluetooth. Plug &#038; play Blokada ComfyLock dzia\u0142a w systemie plug-and-play. Monta\u017c odbywa si\u0119 [&hellip;]<\/p>\n","protected":false},"author":1,"featured_media":0,"parent":0,"menu_order":0,"comment_status":"closed","ping_status":"closed","template":"page-full.php","meta":{"inline_featured_image":false,"footnotes":""},"class_list":["post-3","page","type-page","status-publish","hentry"],"aioseo_notices":[],"_links":{"self":[{"href":"https:\/\/comfylock.com\/pl\/wp-json\/wp\/v2\/pages\/3","targetHints":{"allow":["GET"]}}],"collection":[{"href":"https:\/\/comfylock.com\/pl\/wp-json\/wp\/v2\/pages"}],"about":[{"href":"https:\/\/comfylock.com\/pl\/wp-json\/wp\/v2\/types\/page"}],"author":[{"embeddable":true,"href":"https:\/\/comfylock.com\/pl\/wp-json\/wp\/v2\/users\/1"}],"replies":[{"embeddable":true,"href":"https:\/\/comfylock.com\/pl\/wp-json\/wp\/v2\/comments?post=3"}],"version-history":[{"count":734,"href":"https:\/\/comfylock.com\/pl\/wp-json\/wp\/v2\/pages\/3\/revisions"}],"predecessor-version":[{"id":3860,"href":"https:\/\/comfylock.com\/pl\/wp-json\/wp\/v2\/pages\/3\/revisions\/3860"}],"wp:attachment":[{"href":"https:\/\/comfylock.com\/pl\/wp-json\/wp\/v2\/media?parent=3"}],"curies":[{"name":"wp","href":"https:\/\/api.w.org\/{rel}","templated":true}]}}