{"id":5,"date":"2022-08-24T14:00:18","date_gmt":"2022-08-24T12:00:18","guid":{"rendered":"https:\/\/comfylock.com\/pl\/?page_id=5"},"modified":"2023-08-11T13:29:46","modified_gmt":"2023-08-11T11:29:46","slug":"funkcje","status":"publish","type":"page","link":"https:\/\/comfylock.com\/pl\/funkcje\/","title":{"rendered":"Funkcje"},"content":{"rendered":"<div class=\"contener-row row-header primal overflow-hidden\">\n<div class=\"container-fluid container-row2 col-xxl-8\">\n<div class=\"row row-hero-text flex-lg-nowrap align-items-center g-4\">\n<div class=\"order-lg-1 w-100\"><\/div>\n<div class=\"col-lg-6 col-xl-6\">\n<div class=\"wrap-contener contener-hero hero-function\">\n<h6 class=\"hero-badge\">Immobilizer automatycznej skrzyni bieg\u00f3w<\/h6>\n<h1 class=\"hero-title\">Dodatkowe funkcje i bezpiecze\u0144stwo<\/h1>\n<p class=\"hero-lead\">Zyskaj bezpiecz\u0144stwo oraz przydatne udogodnienia z ComfyLock.<\/p>\n<\/div>\n<\/div>\n<\/div>\n<\/div>\n<\/div>\n<div class=\"contener-row row-emergency\">\n<div class=\"container\">\n<div class=\"row\">\n<div class=\"col-lg-6 col-md-12 col-sm-12 wrap-img rounded\"><div class=\"align wp-block-svp-video-player\" id='svpVideoPlayer-1' data-attributes='{&quot;align&quot;:&quot;&quot;,&quot;options&quot;:{&quot;controls&quot;:{&quot;play-large&quot;:true,&quot;restart&quot;:true,&quot;rewind&quot;:true,&quot;play&quot;:true,&quot;fast-forward&quot;:true,&quot;progress&quot;:true,&quot;current-time&quot;:true,&quot;mute&quot;:true,&quot;volume&quot;:true,&quot;captions&quot;:true,&quot;settings&quot;:true,&quot;pip&quot;:true,&quot;download&quot;:true,&quot;fullscreen&quot;:true},&quot;autoPlay&quot;:false,&quot;clickToPlay&quot;:true,&quot;muted&quot;:false,&quot;volume&quot;:0.5,&quot;seekTime&quot;:10,&quot;repeat&quot;:false,&quot;isAutoNextVideo&quot;:false,&quot;toolTip&quot;:true,&quot;isControl&quot;:true,&quot;shadowControl&quot;:true},&quot;videos&quot;:[{&quot;src&quot;:&quot;https:\\\/\\\/comfylock.com\\\/pl\\\/wp-content\\\/uploads\\\/sites\\\/2\\\/2022\\\/11\\\/emergency_open_720.mp4&quot;,&quot;title&quot;:&quot;type your video title here&quot;,&quot;poster&quot;:&quot;https:\\\/\\\/comfylock.com\\\/pl\\\/wp-content\\\/uploads\\\/sites\\\/2\\\/2022\\\/11\\\/ComfyLock-Video-Poster-Home-1200x720-1.jpg&quot;,&quot;description&quot;:&quot;Don\\u2019t forget to like, comment, and subscribe for more fun episodes!&quot;,&quot;customDownloadButton&quot;:false,&quot;isCustomTitle&quot;:false,&quot;customDownloadUrl&quot;:&quot;&quot;,&quot;qualities&quot;:[],&quot;captions&quot;:[]}],&quot;videoSize&quot;:{&quot;width&quot;:{&quot;desktop&quot;:&quot;100%&quot;,&quot;tablet&quot;:&quot;100%&quot;,&quot;mobile&quot;:&quot;100%&quot;},&quot;height&quot;:{&quot;desktop&quot;:&quot;&quot;,&quot;tablet&quot;:&quot;&quot;,&quot;mobile&quot;:&quot;&quot;}},&quot;thumbnailSize&quot;:{&quot;width&quot;:{&quot;desktop&quot;:&quot;100%&quot;,&quot;tablet&quot;:&quot;100%&quot;,&quot;mobile&quot;:&quot;100%&quot;},&quot;height&quot;:{&quot;desktop&quot;:&quot;82px&quot;,&quot;tablet&quot;:&quot;&quot;,&quot;mobile&quot;:&quot;&quot;}},&quot;playlist&quot;:false,&quot;themes&quot;:{&quot;theme&quot;:&quot;default&quot;},&quot;tabStyles&quot;:{&quot;activeBg&quot;:&quot;#334155&quot;,&quot;activeTitleColor&quot;:&quot;#fff&quot;,&quot;activeDesColor&quot;:&quot;#fff&quot;,&quot;inactiveBg&quot;:&quot;#F0F5FA&quot;,&quot;inactiveTitleColor&quot;:&quot;#3D8D7A&quot;,&quot;inactiveDesColor&quot;:&quot;#585a5c&quot;,&quot;durationTimeColor&quot;:&quot;#fff&quot;,&quot;durationBg&quot;:&quot;#000&quot;},&quot;captionstyles&quot;:{&quot;color&quot;:&quot;#ffffff&quot;,&quot;bg&quot;:&quot;rgba(0,0,0,0.7)&quot;},&quot;captionTypo&quot;:{&quot;fontSize&quot;:{&quot;desktop&quot;:&quot;18px&quot;,&quot;tablet&quot;:&quot;18px&quot;,&quot;mobile&quot;:&quot;18px&quot;},&quot;fontFamily&quot;:&quot;inherit&quot;,&quot;lineHeight&quot;:&quot;1.4&quot;,&quot;fontWeight&quot;:&quot;400&quot;,&quot;textTransform&quot;:&quot;none&quot;},&quot;titleTypo&quot;:{&quot;fontSize&quot;:{&quot;desktop&quot;:15,&quot;tablet&quot;:13,&quot;mobile&quot;:12}},&quot;descriptionTypo&quot;:{&quot;fontSize&quot;:{&quot;desktop&quot;:14,&quot;tablet&quot;:12,&quot;mobile&quot;:10}},&quot;durationTypo&quot;:{&quot;fontSize&quot;:{&quot;desktop&quot;:14,&quot;tablet&quot;:12,&quot;mobile&quot;:10}},&quot;viewersTypo&quot;:{&quot;fontSize&quot;:{&quot;desktop&quot;:14,&quot;tablet&quot;:12,&quot;mobile&quot;:10}},&quot;alignment&quot;:&quot;center&quot;,&quot;textAlign&quot;:&quot;center&quot;,&quot;background&quot;:{&quot;color&quot;:&quot;#0000&quot;},&quot;scrollBg&quot;:&quot;#3D8D7A&quot;,&quot;content&quot;:&quot;Content of the block&quot;,&quot;typography&quot;:{&quot;fontSize&quot;:20},&quot;color&quot;:&quot;#333&quot;,&quot;colors&quot;:{&quot;color&quot;:&quot;#333&quot;,&quot;bg&quot;:&quot;#fff&quot;},&quot;img&quot;:{&quot;id&quot;:null,&quot;url&quot;:&quot;&quot;,&quot;alt&quot;:&quot;&quot;,&quot;title&quot;:&quot;&quot;},&quot;padding&quot;:{&quot;top&quot;:&quot;15px&quot;,&quot;right&quot;:&quot;30px&quot;,&quot;bottom&quot;:&quot;15px&quot;,&quot;left&quot;:&quot;30px&quot;},&quot;margin&quot;:{&quot;top&quot;:&quot;0px&quot;,&quot;right&quot;:&quot;0px&quot;,&quot;bottom&quot;:&quot;15px&quot;,&quot;left&quot;:&quot;0px&quot;},&quot;border&quot;:{&quot;width&quot;:&quot;0px&quot;,&quot;style&quot;:&quot;solid&quot;,&quot;color&quot;:&quot;#000000&quot;,&quot;radius&quot;:&quot;0px&quot;},&quot;shadow&quot;:[],&quot;layout&quot;:&quot;vertical&quot;}'><\/div><\/div>\n<div class=\"col-lg-6 col-md-12 col-sm-12 my-auto wrap-txt\">\n<h2>Awaryjne odblokowywanie<\/h2>\n<p><strong>ComfyLock posiada system awaryjnego odblokowania, je\u015bli nie masz przy sobie urz\u0105dzenia z aplikacj\u0105 lub breloka Bluetooth.<\/strong><\/p>\n<p class=\"a-lead\">Wykonanie unikalnej kombinacji ruch\u00f3w d\u017awigni\u0105 zmiany bieg\u00f3w odblokowuje uk\u0142ad nap\u0119dowy Twojego samochodu. Z aplikacj\u0105 ComfyLock masz mo\u017cliwo\u015b\u0107 spersonalizowa\u0107 kombinacje odblokowywania, kt\u00f3ra wy\u0142\u0105czy zabezpieczenie.<\/p>\n<\/div>\n<\/div>\n<\/div>\n<\/div>\n<div class=\"contener-row row-multiple col-lilac style=\">\n<div class=\"container\">\n<div class=\"row\">\n<div class=\"col-lg-6 col-md-12 col-sm-12 my-auto wrap-txt\">\n<h2>Wsparcie wielu pojazd\u00f3w<\/h2>\n<p><strong>U\u017cywaj\u0105c aplikacji ComyLock mo\u017cesz w \u0142atwy spos\u00f3b zarz\u0105dza\u0107 wybranymi pojazdami.<\/strong><\/p>\n<p class=\"a-lead\">Wystarczy, \u017ce dodasz do aplikacji ComfyLock samoch\u00f3d z zamontowan\u0105 blokad\u0105. Od tego momentu mo\u017cesz aktywowa\u0107\/dezaktywowa\u0107 zabezpieczenie z poziomu aplikacji. Z listy w telefonie wystarczy wybra\u0107 pojazd, kt\u00f3ry chcesz odblokowa\u0107.<\/p>\n<\/div>\n<div class=\"col-lg-6 col-md-12 col-sm-12 rounded wrap-img\"><div class=\"align wp-block-svp-video-player\" id='svpVideoPlayer-2' data-attributes='{&quot;align&quot;:&quot;&quot;,&quot;options&quot;:{&quot;controls&quot;:{&quot;play-large&quot;:true,&quot;restart&quot;:true,&quot;rewind&quot;:true,&quot;play&quot;:true,&quot;fast-forward&quot;:true,&quot;progress&quot;:true,&quot;current-time&quot;:true,&quot;mute&quot;:true,&quot;volume&quot;:true,&quot;captions&quot;:true,&quot;settings&quot;:true,&quot;pip&quot;:true,&quot;download&quot;:true,&quot;fullscreen&quot;:true},&quot;autoPlay&quot;:false,&quot;clickToPlay&quot;:true,&quot;muted&quot;:false,&quot;volume&quot;:0.5,&quot;seekTime&quot;:10,&quot;repeat&quot;:false,&quot;isAutoNextVideo&quot;:false,&quot;toolTip&quot;:true,&quot;isControl&quot;:true,&quot;shadowControl&quot;:true},&quot;videos&quot;:[{&quot;src&quot;:&quot;https:\\\/\\\/comfylock.com\\\/pl\\\/wp-content\\\/uploads\\\/sites\\\/2\\\/2022\\\/08\\\/ComfyLock-Wsparcie-wielu-pojazdow.mp4&quot;,&quot;title&quot;:&quot;type your video title here&quot;,&quot;poster&quot;:&quot;https:\\\/\\\/comfylock.com\\\/pl\\\/wp-content\\\/uploads\\\/sites\\\/2\\\/2022\\\/08\\\/ComfyLock-Video-Poster-Wsparcie-wielu-pojazdow-1200x720-1.jpg&quot;,&quot;description&quot;:&quot;Don\\u2019t forget to like, comment, and subscribe for more fun episodes!&quot;,&quot;customDownloadButton&quot;:false,&quot;isCustomTitle&quot;:false,&quot;customDownloadUrl&quot;:&quot;&quot;,&quot;qualities&quot;:[],&quot;captions&quot;:[]}],&quot;videoSize&quot;:{&quot;width&quot;:{&quot;desktop&quot;:&quot;100%&quot;,&quot;tablet&quot;:&quot;100%&quot;,&quot;mobile&quot;:&quot;100%&quot;},&quot;height&quot;:{&quot;desktop&quot;:&quot;&quot;,&quot;tablet&quot;:&quot;&quot;,&quot;mobile&quot;:&quot;&quot;}},&quot;thumbnailSize&quot;:{&quot;width&quot;:{&quot;desktop&quot;:&quot;100%&quot;,&quot;tablet&quot;:&quot;100%&quot;,&quot;mobile&quot;:&quot;100%&quot;},&quot;height&quot;:{&quot;desktop&quot;:&quot;82px&quot;,&quot;tablet&quot;:&quot;&quot;,&quot;mobile&quot;:&quot;&quot;}},&quot;playlist&quot;:false,&quot;themes&quot;:{&quot;theme&quot;:&quot;default&quot;},&quot;tabStyles&quot;:{&quot;activeBg&quot;:&quot;#334155&quot;,&quot;activeTitleColor&quot;:&quot;#fff&quot;,&quot;activeDesColor&quot;:&quot;#fff&quot;,&quot;inactiveBg&quot;:&quot;#F0F5FA&quot;,&quot;inactiveTitleColor&quot;:&quot;#3D8D7A&quot;,&quot;inactiveDesColor&quot;:&quot;#585a5c&quot;,&quot;durationTimeColor&quot;:&quot;#fff&quot;,&quot;durationBg&quot;:&quot;#000&quot;},&quot;captionstyles&quot;:{&quot;color&quot;:&quot;#ffffff&quot;,&quot;bg&quot;:&quot;rgba(0,0,0,0.7)&quot;},&quot;captionTypo&quot;:{&quot;fontSize&quot;:{&quot;desktop&quot;:&quot;18px&quot;,&quot;tablet&quot;:&quot;18px&quot;,&quot;mobile&quot;:&quot;18px&quot;},&quot;fontFamily&quot;:&quot;inherit&quot;,&quot;lineHeight&quot;:&quot;1.4&quot;,&quot;fontWeight&quot;:&quot;400&quot;,&quot;textTransform&quot;:&quot;none&quot;},&quot;titleTypo&quot;:{&quot;fontSize&quot;:{&quot;desktop&quot;:15,&quot;tablet&quot;:13,&quot;mobile&quot;:12}},&quot;descriptionTypo&quot;:{&quot;fontSize&quot;:{&quot;desktop&quot;:14,&quot;tablet&quot;:12,&quot;mobile&quot;:10}},&quot;durationTypo&quot;:{&quot;fontSize&quot;:{&quot;desktop&quot;:14,&quot;tablet&quot;:12,&quot;mobile&quot;:10}},&quot;viewersTypo&quot;:{&quot;fontSize&quot;:{&quot;desktop&quot;:14,&quot;tablet&quot;:12,&quot;mobile&quot;:10}},&quot;alignment&quot;:&quot;center&quot;,&quot;textAlign&quot;:&quot;center&quot;,&quot;background&quot;:{&quot;color&quot;:&quot;#0000&quot;},&quot;scrollBg&quot;:&quot;#3D8D7A&quot;,&quot;content&quot;:&quot;Content of the block&quot;,&quot;typography&quot;:{&quot;fontSize&quot;:20},&quot;color&quot;:&quot;#333&quot;,&quot;colors&quot;:{&quot;color&quot;:&quot;#333&quot;,&quot;bg&quot;:&quot;#fff&quot;},&quot;img&quot;:{&quot;id&quot;:null,&quot;url&quot;:&quot;&quot;,&quot;alt&quot;:&quot;&quot;,&quot;title&quot;:&quot;&quot;},&quot;padding&quot;:{&quot;top&quot;:&quot;15px&quot;,&quot;right&quot;:&quot;30px&quot;,&quot;bottom&quot;:&quot;15px&quot;,&quot;left&quot;:&quot;30px&quot;},&quot;margin&quot;:{&quot;top&quot;:&quot;0px&quot;,&quot;right&quot;:&quot;0px&quot;,&quot;bottom&quot;:&quot;15px&quot;,&quot;left&quot;:&quot;0px&quot;},&quot;border&quot;:{&quot;width&quot;:&quot;0px&quot;,&quot;style&quot;:&quot;solid&quot;,&quot;color&quot;:&quot;#000000&quot;,&quot;radius&quot;:&quot;0px&quot;},&quot;shadow&quot;:[],&quot;layout&quot;:&quot;vertical&quot;}'><\/div><\/div>\n<\/div>\n<\/div>\n<\/div>\n<div class=\"contener-row row-service col-gray\">\n<div class=\"container\">\n<div class=\"row\">\n<div class=\"col-lg-6 col-md-12 col-sm-12 wrap-img rounded\"><img decoding=\"async\" class=\"img-fluid block-imgs wp-image-31\" src=\"https:\/\/comfylock.com\/pl\/wp-content\/uploads\/sites\/2\/2022\/08\/CamfyLock-Tryb-serwisowy-1024x681.jpg\" alt=\"\" width=\"800\" srcset=\"https:\/\/comfylock.com\/pl\/wp-content\/uploads\/sites\/2\/2022\/08\/CamfyLock-Tryb-serwisowy-1024x681.jpg 1024w, https:\/\/comfylock.com\/pl\/wp-content\/uploads\/sites\/2\/2022\/08\/CamfyLock-Tryb-serwisowy-300x200.jpg 300w, https:\/\/comfylock.com\/pl\/wp-content\/uploads\/sites\/2\/2022\/08\/CamfyLock-Tryb-serwisowy-768x511.jpg 768w, https:\/\/comfylock.com\/pl\/wp-content\/uploads\/sites\/2\/2022\/08\/CamfyLock-Tryb-serwisowy-1536x1022.jpg 1536w, https:\/\/comfylock.com\/pl\/wp-content\/uploads\/sites\/2\/2022\/08\/CamfyLock-Tryb-serwisowy.jpg 1623w\" sizes=\"(max-width: 1024px) 100vw, 1024px\" \/><\/div>\n<div class=\"col-lg-6 col-md-12 col-sm-12 my-auto wrap-txt\">\n<h2>Funkcja trybu serwisowego<\/h2>\n<p class=\"border-div\"><strong>Tryb serwisowy umo\u017cliwia tymczasow\u0105 dezaktywacje zabezpieczenia.<\/strong><\/p>\n<p class=\"a-lead\">W przypadku serwisowania pojazdu lub naprawy powypadkowej, je\u015bli zajdzie potrzeba usuni\u0119cia blokady nasze urz\u0105dzenie mo\u017cna po prostu wypi\u0105\u0107 lub wy\u0142\u0105czy\u0107 zdalnie u\u017cywaj\u0105c aplikacji na telefon.<\/p>\n<\/div>\n<\/div>\n<\/div>\n<\/div>\n<div class=\"contener-row row-parking\">\n<div class=\"container\">\n<div class=\"row\">\n<div class=\"col-lg-6 col-md-12 col-sm-12 my-auto wrap-txt\">\n<h2>Miejsce ostatniego parkowania<\/h2>\n<p>Dzi\u0119ki opcji \u201emiejsce ostatniego parkowania\u201d mo\u017cesz zapomnie\u0107 o d\u0142ugotrwa\u0142ych poszukiwaniach na zat\u0142oczonych parkingach. Od teraz zawsze odnajdziesz miejsce zaparkowania dzi\u0119ki aplikacji ComfyLock.<\/p>\n<\/div>\n<div class=\"col-lg-6 col-md-12 col-sm-12 wrap-img rounded\"><div class=\"align wp-block-svp-video-player\" id='svpVideoPlayer-3' data-attributes='{&quot;align&quot;:&quot;&quot;,&quot;options&quot;:{&quot;controls&quot;:{&quot;play-large&quot;:true,&quot;restart&quot;:true,&quot;rewind&quot;:true,&quot;play&quot;:true,&quot;fast-forward&quot;:true,&quot;progress&quot;:true,&quot;current-time&quot;:true,&quot;mute&quot;:true,&quot;volume&quot;:true,&quot;captions&quot;:true,&quot;settings&quot;:true,&quot;pip&quot;:true,&quot;download&quot;:true,&quot;fullscreen&quot;:true},&quot;autoPlay&quot;:false,&quot;clickToPlay&quot;:true,&quot;muted&quot;:false,&quot;volume&quot;:0.5,&quot;seekTime&quot;:10,&quot;repeat&quot;:false,&quot;isAutoNextVideo&quot;:false,&quot;toolTip&quot;:true,&quot;isControl&quot;:true,&quot;shadowControl&quot;:true},&quot;videos&quot;:[{&quot;src&quot;:&quot;https:\\\/\\\/comfylock.com\\\/pl\\\/wp-content\\\/uploads\\\/sites\\\/2\\\/2022\\\/08\\\/ComfyLock-Znajdz-swoj-samochod.mp4&quot;,&quot;title&quot;:&quot;type your video title here&quot;,&quot;poster&quot;:&quot;https:\\\/\\\/comfylock.com\\\/pl\\\/wp-content\\\/uploads\\\/sites\\\/2\\\/2022\\\/08\\\/ComfyLock-Video-Poster-Znajdz-swoj-samochod-1200x720-1.jpg&quot;,&quot;description&quot;:&quot;Don\\u2019t forget to like, comment, and subscribe for more fun episodes!&quot;,&quot;customDownloadButton&quot;:false,&quot;isCustomTitle&quot;:false,&quot;customDownloadUrl&quot;:&quot;&quot;,&quot;qualities&quot;:[],&quot;captions&quot;:[{&quot;source&quot;:&quot;&quot;,&quot;label&quot;:&quot;Lokalizacja pojazdu&quot;,&quot;srclang&quot;:&quot;&quot;}]}],&quot;videoSize&quot;:{&quot;width&quot;:{&quot;desktop&quot;:&quot;100%&quot;,&quot;tablet&quot;:&quot;100%&quot;,&quot;mobile&quot;:&quot;100%&quot;},&quot;height&quot;:{&quot;desktop&quot;:&quot;&quot;,&quot;tablet&quot;:&quot;&quot;,&quot;mobile&quot;:&quot;&quot;}},&quot;thumbnailSize&quot;:{&quot;width&quot;:{&quot;desktop&quot;:&quot;100%&quot;,&quot;tablet&quot;:&quot;100%&quot;,&quot;mobile&quot;:&quot;100%&quot;},&quot;height&quot;:{&quot;desktop&quot;:&quot;82px&quot;,&quot;tablet&quot;:&quot;&quot;,&quot;mobile&quot;:&quot;&quot;}},&quot;playlist&quot;:false,&quot;themes&quot;:{&quot;theme&quot;:&quot;default&quot;},&quot;tabStyles&quot;:{&quot;activeBg&quot;:&quot;#334155&quot;,&quot;activeTitleColor&quot;:&quot;#fff&quot;,&quot;activeDesColor&quot;:&quot;#fff&quot;,&quot;inactiveBg&quot;:&quot;#F0F5FA&quot;,&quot;inactiveTitleColor&quot;:&quot;#3D8D7A&quot;,&quot;inactiveDesColor&quot;:&quot;#585a5c&quot;,&quot;durationTimeColor&quot;:&quot;#fff&quot;,&quot;durationBg&quot;:&quot;#000&quot;},&quot;captionstyles&quot;:{&quot;color&quot;:&quot;#ffffff&quot;,&quot;bg&quot;:&quot;rgba(0,0,0,0.7)&quot;},&quot;captionTypo&quot;:{&quot;fontSize&quot;:{&quot;desktop&quot;:&quot;18px&quot;,&quot;tablet&quot;:&quot;18px&quot;,&quot;mobile&quot;:&quot;18px&quot;},&quot;fontFamily&quot;:&quot;inherit&quot;,&quot;lineHeight&quot;:&quot;1.4&quot;,&quot;fontWeight&quot;:&quot;400&quot;,&quot;textTransform&quot;:&quot;none&quot;},&quot;titleTypo&quot;:{&quot;fontSize&quot;:{&quot;desktop&quot;:15,&quot;tablet&quot;:13,&quot;mobile&quot;:12}},&quot;descriptionTypo&quot;:{&quot;fontSize&quot;:{&quot;desktop&quot;:14,&quot;tablet&quot;:12,&quot;mobile&quot;:10}},&quot;durationTypo&quot;:{&quot;fontSize&quot;:{&quot;desktop&quot;:14,&quot;tablet&quot;:12,&quot;mobile&quot;:10}},&quot;viewersTypo&quot;:{&quot;fontSize&quot;:{&quot;desktop&quot;:14,&quot;tablet&quot;:12,&quot;mobile&quot;:10}},&quot;alignment&quot;:&quot;center&quot;,&quot;textAlign&quot;:&quot;center&quot;,&quot;background&quot;:{&quot;color&quot;:&quot;#0000&quot;},&quot;scrollBg&quot;:&quot;#3D8D7A&quot;,&quot;content&quot;:&quot;Content of the block&quot;,&quot;typography&quot;:{&quot;fontSize&quot;:20},&quot;color&quot;:&quot;#333&quot;,&quot;colors&quot;:{&quot;color&quot;:&quot;#333&quot;,&quot;bg&quot;:&quot;#fff&quot;},&quot;img&quot;:{&quot;id&quot;:null,&quot;url&quot;:&quot;&quot;,&quot;alt&quot;:&quot;&quot;,&quot;title&quot;:&quot;&quot;},&quot;padding&quot;:{&quot;top&quot;:&quot;15px&quot;,&quot;right&quot;:&quot;30px&quot;,&quot;bottom&quot;:&quot;15px&quot;,&quot;left&quot;:&quot;30px&quot;},&quot;margin&quot;:{&quot;top&quot;:&quot;0px&quot;,&quot;right&quot;:&quot;0px&quot;,&quot;bottom&quot;:&quot;15px&quot;,&quot;left&quot;:&quot;0px&quot;},&quot;border&quot;:{&quot;width&quot;:&quot;0px&quot;,&quot;style&quot;:&quot;solid&quot;,&quot;color&quot;:&quot;#000000&quot;,&quot;radius&quot;:&quot;0px&quot;},&quot;shadow&quot;:[],&quot;layout&quot;:&quot;vertical&quot;}'><\/div><\/div>\n<\/div>\n<\/div>\n<\/div>\n<div class=\"contener-row row-support\">\n<div class=\"container\">\n<div class=\"row\">\n<div class=\"col-12 wrap-txt wrap-contener contener-support my-auto bg-gray-b text-center\">\n<h3>Masz dodatkowe pytania?<\/h3>\n<p>Zach\u0119camy do kontaktu. Mo\u017cesz r\u00f3wnie\u017c zapozna\u0107 si\u0119 z najcz\u0119\u015bciej zadawanymi pytaniami w naszym FAQ.<\/p>\n<div><a class=\"btn btn-comfylock btn-comfylock-alt\" title=\"FAQ\" href=\"https:\/\/comfylock.com\/pl\/faq\">FAQ<\/a><a class=\"btn btn-comfylock btn-comfylock-primal\" title=\"Wsp\u00f3\u0142praca\" href=\"https:\/\/comfylock.com\/pl\/wspolpraca\/\">Wsp\u00f3\u0142praca<\/a><\/div>\n<\/div>\n<\/div>\n<\/div>\n<\/div>\n","protected":false},"excerpt":{"rendered":"<p>Immobilizer automatycznej skrzyni bieg\u00f3w Dodatkowe funkcje i bezpiecze\u0144stwo Zyskaj bezpiecz\u0144stwo oraz przydatne udogodnienia z ComfyLock. Awaryjne odblokowywanie ComfyLock posiada system awaryjnego odblokowania, je\u015bli nie masz przy sobie urz\u0105dzenia z aplikacj\u0105 lub breloka Bluetooth. Wykonanie unikalnej kombinacji ruch\u00f3w d\u017awigni\u0105 zmiany bieg\u00f3w odblokowuje uk\u0142ad nap\u0119dowy Twojego samochodu. Z aplikacj\u0105 ComfyLock masz mo\u017cliwo\u015b\u0107 spersonalizowa\u0107 kombinacje odblokowywania, kt\u00f3ra wy\u0142\u0105czy [&hellip;]<\/p>\n","protected":false},"author":1,"featured_media":0,"parent":0,"menu_order":0,"comment_status":"closed","ping_status":"closed","template":"page-full.php","meta":{"inline_featured_image":false,"footnotes":""},"class_list":["post-5","page","type-page","status-publish","hentry"],"aioseo_notices":[],"_links":{"self":[{"href":"https:\/\/comfylock.com\/pl\/wp-json\/wp\/v2\/pages\/5","targetHints":{"allow":["GET"]}}],"collection":[{"href":"https:\/\/comfylock.com\/pl\/wp-json\/wp\/v2\/pages"}],"about":[{"href":"https:\/\/comfylock.com\/pl\/wp-json\/wp\/v2\/types\/page"}],"author":[{"embeddable":true,"href":"https:\/\/comfylock.com\/pl\/wp-json\/wp\/v2\/users\/1"}],"replies":[{"embeddable":true,"href":"https:\/\/comfylock.com\/pl\/wp-json\/wp\/v2\/comments?post=5"}],"version-history":[{"count":402,"href":"https:\/\/comfylock.com\/pl\/wp-json\/wp\/v2\/pages\/5\/revisions"}],"predecessor-version":[{"id":3865,"href":"https:\/\/comfylock.com\/pl\/wp-json\/wp\/v2\/pages\/5\/revisions\/3865"}],"wp:attachment":[{"href":"https:\/\/comfylock.com\/pl\/wp-json\/wp\/v2\/media?parent=5"}],"curies":[{"name":"wp","href":"https:\/\/api.w.org\/{rel}","templated":true}]}}